{"id":590,"date":"2017-12-14T07:34:40","date_gmt":"2017-12-14T07:34:40","guid":{"rendered":"http:\/\/localhost\/framework\/?page_id=590"},"modified":"2025-12-26T02:24:45","modified_gmt":"2025-12-26T02:24:45","slug":"home-2","status":"publish","type":"page","link":"https:\/\/faicol.com\/page\/","title":{"rendered":"Inicio"},"content":{"rendered":"<p>[vc_row][vc_column][vc_column_text]<\/p>\n<div class=\"kc_clfw\"><\/div>\n<p>[\/vc_column_text][\/vc_column][\/vc_row][vc_row _id=\u00bb4109366&#8243;][vc_column _id=\u00bb2563570&#8243;][vc_column_text _id=\u00bb3825164&#8243;]<\/p>\n<div class=\"kc_clfw\"><\/div>\n<p>[\/vc_column_text][\/vc_column][\/vc_row][vc_row full_width=\u00bbstretch_row_content_no_spaces\u00bb css_animation=\u00bbnone\u00bb el_class=\u00bbbg-grey\u00bb _id=\u00bb4023613&#8243;][vc_column _id=\u00bb4294004&#8243;]<div class=\"banner-slider banner-slider2 \">\r\n    <div class=\"wrap-item sv-slider owl-carousel owl-theme navi-nav-style pagi-nav-style\" \r\n        data-item=\"1\" \r\n        data-speed=\"\" \r\n        data-itemres=\"\"\r\n        data-navigation=\"navi-nav-style\" \r\n        data-pagination=\"pagi-nav-style\" \r\n        data-prev=\"\" \r\n        data-next=\"\"\r\n        data-margin=\"\" \r\n        data-stage_padding=\"\"\r\n        data-start_position=\"\" \r\n        data-loop=\"\"\r\n        data-animation_out=\"\"\r\n        data-animation_in=\"\"\r\n        data-mousewheel=\"\"\r\n        data-center=\"\"\r\n        data-autowidth=\"\"\r\n        data-mousedrag=\"true\"\r\n        >\r\n\t\t<div class=\"item-slider slider2  \" data-merge=\"1\">\r\n    <div class=\"banner-thumb\">\r\n        <a href=\"https:\/\/faicol.com\/page\/productos\/\"><img loading=\"lazy\" decoding=\"async\" width=\"1920\" height=\"966\" src=\"https:\/\/faicol.com\/page\/wp-content\/uploads\/2025\/12\/banner1.jpg\" class=\"attachment-full size-full\" alt=\"\" srcset=\"https:\/\/faicol.com\/page\/wp-content\/uploads\/2025\/12\/banner1.jpg 1920w, https:\/\/faicol.com\/page\/wp-content\/uploads\/2025\/12\/banner1-300x151.jpg 300w, https:\/\/faicol.com\/page\/wp-content\/uploads\/2025\/12\/banner1-1024x515.jpg 1024w, https:\/\/faicol.com\/page\/wp-content\/uploads\/2025\/12\/banner1-768x386.jpg 768w, https:\/\/faicol.com\/page\/wp-content\/uploads\/2025\/12\/banner1-1536x773.jpg 1536w, https:\/\/faicol.com\/page\/wp-content\/uploads\/2025\/12\/banner1-600x302.jpg 600w\" sizes=\"auto, (max-width: 1920px) 100vw, 1920px\" \/><\/a>\r\n    <\/div>\r\n    <div class=\"banner-info\">\r\n        <div class=\"container\">\r\n            <div class=\"slider-content-text white text-center \" data-animated=\"\">\r\n                <h4 class=\"title48 noto-font font-bold white\">Nuestra Carta de Presentaci\u00f3n<\/h4>\n<h3 class=\"title90 noto-font font-bold white\">Son Nuestros Productos&#8230;<\/h3>\n<div class=\"slider-button\"><a class=\"shop-button\" href=\"https:\/\/faicol.com\/page\/productos\/\">Ver M\u00e1s&#8230;<\/a><\/div>\n            <\/div>\r\n        <\/div>\r\n    <\/div>\r\n<\/div><div class=\"item-slider slider2  \" data-merge=\"1\">\r\n    <div class=\"banner-thumb\">\r\n        <a href=\"https:\/\/faicol.com\/page\/productos\/\"><img loading=\"lazy\" decoding=\"async\" width=\"1920\" height=\"966\" src=\"https:\/\/faicol.com\/page\/wp-content\/uploads\/2025\/12\/banner3C.jpg\" class=\"attachment-full size-full\" alt=\"\" srcset=\"https:\/\/faicol.com\/page\/wp-content\/uploads\/2025\/12\/banner3C.jpg 1920w, https:\/\/faicol.com\/page\/wp-content\/uploads\/2025\/12\/banner3C-300x151.jpg 300w, https:\/\/faicol.com\/page\/wp-content\/uploads\/2025\/12\/banner3C-1024x515.jpg 1024w, https:\/\/faicol.com\/page\/wp-content\/uploads\/2025\/12\/banner3C-768x386.jpg 768w, https:\/\/faicol.com\/page\/wp-content\/uploads\/2025\/12\/banner3C-1536x773.jpg 1536w, https:\/\/faicol.com\/page\/wp-content\/uploads\/2025\/12\/banner3C-600x302.jpg 600w\" sizes=\"auto, (max-width: 1920px) 100vw, 1920px\" \/><\/a>\r\n    <\/div>\r\n    <div class=\"banner-info\">\r\n        <div class=\"container\">\r\n            <div class=\"slider-content-text white text-center \" data-animated=\"\">\r\n                <h4 class=\"title48 noto-font font-bold white\">Nuestros Productos<\/h4>\n<h3 class=\"title90 noto-font font-bold white\">Traspasa Fronteras.<\/h3>\n<div class=\"slider-button\"><a class=\"shop-button\" href=\"https:\/\/faicol.com\/page\/productos\/\">Ver M\u00e1s&#8230;<\/a><\/div>\n            <\/div>\r\n        <\/div>\r\n    <\/div>\r\n<\/div><div class=\"item-slider slider2  \" data-merge=\"1\">\r\n    <div class=\"banner-thumb\">\r\n        <a href=\"https:\/\/faicol.com\/page\/productos\/\"><img loading=\"lazy\" decoding=\"async\" width=\"1920\" height=\"966\" src=\"https:\/\/faicol.com\/page\/wp-content\/uploads\/2025\/12\/banner2D.jpg\" class=\"attachment-full size-full\" alt=\"\" srcset=\"https:\/\/faicol.com\/page\/wp-content\/uploads\/2025\/12\/banner2D.jpg 1920w, https:\/\/faicol.com\/page\/wp-content\/uploads\/2025\/12\/banner2D-300x151.jpg 300w, https:\/\/faicol.com\/page\/wp-content\/uploads\/2025\/12\/banner2D-1024x515.jpg 1024w, https:\/\/faicol.com\/page\/wp-content\/uploads\/2025\/12\/banner2D-768x386.jpg 768w, https:\/\/faicol.com\/page\/wp-content\/uploads\/2025\/12\/banner2D-1536x773.jpg 1536w, https:\/\/faicol.com\/page\/wp-content\/uploads\/2025\/12\/banner2D-600x302.jpg 600w\" sizes=\"auto, (max-width: 1920px) 100vw, 1920px\" \/><\/a>\r\n    <\/div>\r\n    <div class=\"banner-info\">\r\n        <div class=\"container\">\r\n            <div class=\"slider-content-text white text-center \" data-animated=\"\">\r\n                <h4 class=\"title48 noto-font font-bold white\">La calidad es una<\/h4>\n<h3 class=\"title90 noto-font font-bold white\">de nuestras banderas&#8230;<\/h3>\n<div class=\"slider-button\"><a class=\"shop-button\" href=\"https:\/\/faicol.com\/page\/productos\/\">Ver M\u00e1s&#8230;<\/a><\/div>\n            <\/div>\r\n        <\/div>\r\n    <\/div>\r\n<\/div><div class=\"item-slider slider2  \" data-merge=\"1\">\r\n    <div class=\"banner-thumb\">\r\n        <a href=\"https:\/\/faicol.com\/page\/productos\/\"><img loading=\"lazy\" decoding=\"async\" width=\"1920\" height=\"966\" src=\"https:\/\/faicol.com\/page\/wp-content\/uploads\/2025\/12\/banner1C.jpg\" class=\"attachment-full size-full\" alt=\"\" srcset=\"https:\/\/faicol.com\/page\/wp-content\/uploads\/2025\/12\/banner1C.jpg 1920w, https:\/\/faicol.com\/page\/wp-content\/uploads\/2025\/12\/banner1C-300x151.jpg 300w, https:\/\/faicol.com\/page\/wp-content\/uploads\/2025\/12\/banner1C-1024x515.jpg 1024w, https:\/\/faicol.com\/page\/wp-content\/uploads\/2025\/12\/banner1C-768x386.jpg 768w, https:\/\/faicol.com\/page\/wp-content\/uploads\/2025\/12\/banner1C-1536x773.jpg 1536w, https:\/\/faicol.com\/page\/wp-content\/uploads\/2025\/12\/banner1C-600x302.jpg 600w\" sizes=\"auto, (max-width: 1920px) 100vw, 1920px\" \/><\/a>\r\n    <\/div>\r\n    <div class=\"banner-info\">\r\n        <div class=\"container\">\r\n            <div class=\"slider-content-text white text-center \" data-animated=\"\">\r\n                <h4 class=\"title48 noto-font font-bold white\">Siempre disponibles<\/h4>\n<h3 class=\"title90 noto-font font-bold white\">para el envi\u00f3 de su pedido.<\/h3>\n<div class=\"slider-button\"><a class=\"shop-button\" href=\"https:\/\/faicol.com\/page\/productos\/\">Ver M\u00e1s&#8230;<\/a><\/div>\n            <\/div>\r\n        <\/div>\r\n    <\/div>\r\n<\/div>    <\/div>\r\n    <\/div>[\/vc_column][\/vc_row][vc_row full_width=\u00bbstretch_row\u00bb el_class=\u00bbbg-grey overflow-visible\u00bb _id=\u00bb2472093&#8243;][vc_column _id=\u00bb1032672&#8243;][vc_empty_space _id=\u00bb1842784&#8243;][vc_empty_space _id=\u00bb3613510&#8243;]<div class=\"content-editor title-leaf  \">\r\n\t\t\t\t\t    \t\t\t\t        <div class=\"content-info text-center\">\r\n\t\t\t\t\t\t\t<div class=\"title\">\n<h3 class=\"title36 noto-font font-bold\">Nuestros Productos<\/h3>\n<\/div>\n<p class=\"desc\">Nuestra trayectoria sigue marcada por la innovaci\u00f3n, el compromiso y la confianza de miles de clientes.<\/p>\n\t\t\t\t\t\t<\/div>\r\n\t\t\t\t\t\t\t            \r\n<\/div>\r\n\r\n<div class=\"banner-slider our-offer-slider \">\r\n    <div class=\"wrap-item sv-slider owl-carousel owl-theme navi-nav-style pagi-nav-style\" \r\n        data-item=\"3\" \r\n        data-speed=\"4500\" \r\n        data-itemres=\"\"\r\n        data-navigation=\"navi-nav-style\" \r\n        data-pagination=\"pagi-nav-style\" \r\n        data-prev=\"\" \r\n        data-next=\"\"\r\n        data-margin=\"30px\" \r\n        data-stage_padding=\"\"\r\n        data-start_position=\"\" \r\n        data-loop=\"\"\r\n        data-animation_out=\"\"\r\n        data-animation_in=\"\"\r\n        data-mousewheel=\"\"\r\n        data-center=\"\"\r\n        data-autowidth=\"\"\r\n        data-mousedrag=\"true\"\r\n        >\r\n\t\t<div class=\"content-editor our-offter style-img overlay-image zoom-image\">\r\n\t\t\t    \t<div class=\"content-img\">\r\n\t\t\t\t    <a href=\"https:\/\/faicol.com\/page\/productos\/\" class=\"adv-thumb-link\">\t\t\t\t    \t<img loading=\"lazy\" decoding=\"async\" width=\"320\" height=\"200\" src=\"https:\/\/faicol.com\/page\/wp-content\/uploads\/2025\/12\/\/botiquin3-320x200.jpg\" class=\"attachment-320x200 size-320x200\" alt=\"\" \/>\t\t\t\t\t<\/a>\t\t\t\t    \t\r\n\t\t\t\t\t\t\t\t\t\t\t        <div class=\"content-info \">\r\n\t\t\t\t\t\t\t\t<h3 class=\"title18 font-medium\">Botiquines<\/h3>\n<p class=\"desc\">Lo invitamos a que conozca nuestros productos disponibles&#8230;<\/p>\n<div class=\"banner-button\"><a class=\"shop-button\" href=\"https:\/\/faicol.com\/page\/productos\/\">Consultar<\/a><\/div>\n\t\t\t\t\t\t\t<\/div>\r\n\t\t\t\t\t\t\t\t    \t<\/div>\r\n\r\n\t\t\t\t        \r\n<\/div>\r\n\r\n<div class=\"content-editor our-offter style-img overlay-image zoom-image\">\r\n\t\t\t    \t<div class=\"content-img\">\r\n\t\t\t\t    <a href=\"https:\/\/faicol.com\/page\/productos\/\" class=\"adv-thumb-link\">\t\t\t\t    \t<img loading=\"lazy\" decoding=\"async\" width=\"320\" height=\"200\" src=\"https:\/\/faicol.com\/page\/wp-content\/uploads\/2025\/12\/\/kit3-320x200.jpg\" class=\"attachment-320x200 size-320x200\" alt=\"\" \/>\t\t\t\t\t<\/a>\t\t\t\t    \t\r\n\t\t\t\t\t\t\t\t\t\t\t        <div class=\"content-info \">\r\n\t\t\t\t\t\t\t\t<h3 class=\"title18 font-medium\">Kit Carretera<\/h3>\n<p class=\"desc\">Lo invitamos a que conozca nuestros productos disponibles&#8230;<\/p>\n<div class=\"banner-button\"><a class=\"shop-button\" href=\"https:\/\/faicol.com\/page\/productos\/\">Consultar<\/a><\/div>\n\t\t\t\t\t\t\t<\/div>\r\n\t\t\t\t\t\t\t\t    \t<\/div>\r\n\r\n\t\t\t\t        \r\n<\/div>\r\n\r\n<div class=\"content-editor our-offter style-img overlay-image zoom-image\">\r\n\t\t\t    \t<div class=\"content-img\">\r\n\t\t\t\t    <a href=\"https:\/\/faicol.com\/page\/productos\/\" class=\"adv-thumb-link\">\t\t\t\t    \t<img loading=\"lazy\" decoding=\"async\" width=\"320\" height=\"200\" src=\"https:\/\/faicol.com\/page\/wp-content\/uploads\/2025\/12\/\/herramientas2-320x200.jpg\" class=\"attachment-320x200 size-320x200\" alt=\"\" \/>\t\t\t\t\t<\/a>\t\t\t\t    \t\r\n\t\t\t\t\t\t\t\t\t\t\t        <div class=\"content-info \">\r\n\t\t\t\t\t\t\t\t<h3 class=\"title18 font-medium\">Herramienteros<\/h3>\n<p class=\"desc\">Lo invitamos a que conozca nuestros productos disponibles&#8230;<\/p>\n<div class=\"banner-button\"><a class=\"shop-button\" href=\"https:\/\/faicol.com\/page\/productos\/\">Consultar<\/a><\/div>\n\t\t\t\t\t\t\t<\/div>\r\n\t\t\t\t\t\t\t\t    \t<\/div>\r\n\r\n\t\t\t\t        \r\n<\/div>\r\n\r\n<div class=\"content-editor our-offter style-img overlay-image zoom-image\">\r\n\t\t\t    \t<div class=\"content-img\">\r\n\t\t\t\t    <a href=\"https:\/\/faicol.com\/page\/productos\/\" class=\"adv-thumb-link\">\t\t\t\t    \t<img loading=\"lazy\" decoding=\"async\" width=\"320\" height=\"200\" src=\"https:\/\/faicol.com\/page\/wp-content\/uploads\/2025\/12\/\/extintor2-320x200.jpg\" class=\"attachment-320x200 size-320x200\" alt=\"\" \/>\t\t\t\t\t<\/a>\t\t\t\t    \t\r\n\t\t\t\t\t\t\t\t\t\t\t        <div class=\"content-info \">\r\n\t\t\t\t\t\t\t\t<h3 class=\"title18 font-medium\">Extintores<\/h3>\n<p class=\"desc\">Lo invitamos a que conozca nuestros productos disponibles&#8230;<\/p>\n<div class=\"banner-button\"><a class=\"shop-button\" href=\"https:\/\/faicol.com\/page\/productos\/\">Consultar<\/a><\/div>\n\t\t\t\t\t\t\t<\/div>\r\n\t\t\t\t\t\t\t\t    \t<\/div>\r\n\r\n\t\t\t\t        \r\n<\/div>\r\n\r\n<div class=\"content-editor our-offter style-img overlay-image zoom-image\">\r\n\t\t\t    \t<div class=\"content-img\">\r\n\t\t\t\t    <a href=\"https:\/\/faicol.com\/page\/productos\/\" class=\"adv-thumb-link\">\t\t\t\t    \t<img loading=\"lazy\" decoding=\"async\" width=\"320\" height=\"200\" src=\"https:\/\/faicol.com\/page\/wp-content\/uploads\/2025\/12\/\/tapetes1-1-320x200.jpg\" class=\"attachment-320x200 size-320x200\" alt=\"\" \/>\t\t\t\t\t<\/a>\t\t\t\t    \t\r\n\t\t\t\t\t\t\t\t\t\t\t        <div class=\"content-info \">\r\n\t\t\t\t\t\t\t\t<h3 class=\"title18 font-medium\">Tapete<\/h3>\n<p class=\"desc\">Lo invitamos a que conozca nuestros productos disponibles&#8230;<\/p>\n<div class=\"banner-button\"><a class=\"shop-button\" href=\"https:\/\/faicol.com\/page\/productos\/\">Consultar<\/a><\/div>\n\t\t\t\t\t\t\t<\/div>\r\n\t\t\t\t\t\t\t\t    \t<\/div>\r\n\r\n\t\t\t\t        \r\n<\/div>\r\n\r\n<div class=\"content-editor our-offter style-img overlay-image zoom-image\">\r\n\t\t\t    \t<div class=\"content-img\">\r\n\t\t\t\t    <a href=\"https:\/\/faicol.com\/page\/productos\/\" class=\"adv-thumb-link\">\t\t\t\t    \t<img loading=\"lazy\" decoding=\"async\" width=\"320\" height=\"200\" src=\"https:\/\/faicol.com\/page\/wp-content\/uploads\/2025\/12\/\/camilla2-320x200.jpg\" class=\"attachment-320x200 size-320x200\" alt=\"\" \/>\t\t\t\t\t<\/a>\t\t\t\t    \t\r\n\t\t\t\t\t\t\t\t\t\t\t        <div class=\"content-info \">\r\n\t\t\t\t\t\t\t\t<h3 class=\"title18 font-medium\">Camillas<\/h3>\n<p class=\"desc\">Lo invitamos a que conozca nuestros productos disponibles&#8230;<\/p>\n<div class=\"banner-button\"><a class=\"shop-button\" href=\"https:\/\/faicol.com\/page\/productos\/\">Consultar<\/a><\/div>\n\t\t\t\t\t\t\t<\/div>\r\n\t\t\t\t\t\t\t\t    \t<\/div>\r\n\r\n\t\t\t\t        \r\n<\/div>\r\n\r\n<div class=\"content-editor our-offter style-img overlay-image zoom-image\">\r\n\t\t\t    \t<div class=\"content-img\">\r\n\t\t\t\t    <a href=\"https:\/\/faicol.com\/page\/productos\/\" class=\"adv-thumb-link\">\t\t\t\t    \t<img loading=\"lazy\" decoding=\"async\" width=\"320\" height=\"200\" src=\"https:\/\/faicol.com\/page\/wp-content\/uploads\/2025\/12\/\/botiquin1-320x200.jpg\" class=\"attachment-320x200 size-320x200\" alt=\"\" \/>\t\t\t\t\t<\/a>\t\t\t\t    \t\r\n\t\t\t\t\t\t\t\t\t\t\t        <div class=\"content-info \">\r\n\t\t\t\t\t\t\t\t<h3 class=\"title18 font-medium\">Botiquines<\/h3>\n<p class=\"desc\">Lo invitamos a que conozca nuestros productos disponibles&#8230;<\/p>\n<div class=\"banner-button\"><a class=\"shop-button\" href=\"https:\/\/faicol.com\/page\/productos\/\">Consultar<\/a><\/div>\n\t\t\t\t\t\t\t<\/div>\r\n\t\t\t\t\t\t\t\t    \t<\/div>\r\n\r\n\t\t\t\t        \r\n<\/div>\r\n\r\n<div class=\"content-editor our-offter style-img overlay-image zoom-image\">\r\n\t\t\t    \t<div class=\"content-img\">\r\n\t\t\t\t    <a href=\"https:\/\/faicol.com\/page\/productos\/\" class=\"adv-thumb-link\">\t\t\t\t    \t<img loading=\"lazy\" decoding=\"async\" width=\"320\" height=\"200\" src=\"https:\/\/faicol.com\/page\/wp-content\/uploads\/2025\/12\/\/satelite4-320x200.jpg\" class=\"attachment-320x200 size-320x200\" alt=\"\" \/>\t\t\t\t\t<\/a>\t\t\t\t    \t\r\n\t\t\t\t\t\t\t\t\t\t\t        <div class=\"content-info \">\r\n\t\t\t\t\t\t\t\t<h3 class=\"title18 font-medium\">Extintores<\/h3>\n<p class=\"desc\">Lo invitamos a que conozca nuestros productos disponibles&#8230;<\/p>\n<div class=\"banner-button\"><a class=\"shop-button\" href=\"https:\/\/faicol.com\/page\/productos\/\">Consultar<\/a><\/div>\n\t\t\t\t\t\t\t<\/div>\r\n\t\t\t\t\t\t\t\t    \t<\/div>\r\n\r\n\t\t\t\t        \r\n<\/div>\r\n\r\n<div class=\"content-editor our-offter style-img overlay-image zoom-image\">\r\n\t\t\t    \t<div class=\"content-img\">\r\n\t\t\t\t    <a href=\"https:\/\/faicol.com\/page\/productos\/\" class=\"adv-thumb-link\">\t\t\t\t    \t<img loading=\"lazy\" decoding=\"async\" width=\"320\" height=\"200\" src=\"https:\/\/faicol.com\/page\/wp-content\/uploads\/2025\/12\/\/seguridad1-320x200.jpg\" class=\"attachment-320x200 size-320x200\" alt=\"\" \/>\t\t\t\t\t<\/a>\t\t\t\t    \t\r\n\t\t\t\t\t\t\t\t\t\t\t        <div class=\"content-info \">\r\n\t\t\t\t\t\t\t\t<h3 class=\"title18 font-medium\">Seguridad Industrial<\/h3>\n<p class=\"desc\">Lo invitamos a que conozca nuestros productos disponibles&#8230;<\/p>\n<div class=\"banner-button\"><a class=\"shop-button\" href=\"https:\/\/faicol.com\/page\/productos\/\">Consultar<\/a><\/div>\n\t\t\t\t\t\t\t<\/div>\r\n\t\t\t\t\t\t\t\t    \t<\/div>\r\n\r\n\t\t\t\t        \r\n<\/div>\r\n\r\n    <\/div>\r\n    <\/div>[\/vc_column][\/vc_row][vc_row full_width=\u00bbstretch_row_content_no_spaces\u00bb _id=\u00bb3432780&#8243;][vc_column offset=\u00bbvc_col-md-6 vc_col-xs-12&#8243; _id=\u00bb4323533&#8243;]<div class=\"banner-advs h2-banner-asl  overlay-image zoom-image\">\r\n\t<a href=\"#\" class=\"adv-thumb-link\">    <img loading=\"lazy\" decoding=\"async\" width=\"1170\" height=\"1170\" src=\"https:\/\/faicol.com\/page\/wp-content\/uploads\/2025\/12\/\/nuestra_marca2-1-scaled-1170x1170.jpg\" class=\"attachment-1170x1170 size-1170x1170\" alt=\"\" \/>\t<\/a>\t<\/div>[\/vc_column][vc_column el_class=\u00bbwhy-choose-wrap\u00bb offset=\u00bbvc_col-md-6 vc_col-xs-12&#8243; _id=\u00bb656411&#8243;]<div class=\"content-editor why-choose  \">\r\n\t\t\t\t\t    \t\t\t\t        <div class=\"content-info \">\r\n\t\t\t\t\t\t\t<div class=\"title-leaf text-left\">\n<div class=\"title\">\n<h3 class=\"title36 noto-font font-bold\" style=\"text-align: center;\">Por qu\u00e9 elegirnos<\/h3>\n<\/div>\n<p class=\"desc\" style=\"text-align: center;\">Nuestro valor agregado es el conocimiento de mercados y su ubicaci\u00f3n estrat\u00e9gica.<\/p>\n<\/div>\n<div class=\"why-choose-inner\">\n<div class=\"info\">\n<h3 class=\"title20 noto-font font-bold\" style=\"text-align: center;\">Calidad Comprobada<\/h3>\n<p class=\"desc\" style=\"text-align: center;\">M\u00e1s de dos d\u00e9cadas fabricando productos que cumplen con est\u00e1ndares exigentes del mercado automotriz.<\/p>\n<p>&nbsp;<\/p>\n<\/div>\n<div class=\"info\" style=\"text-align: center;\">\n<h3 class=\"title20 noto-font font-bold\">Innovaci\u00f3n Permanente<\/h3>\n<p class=\"desc\">Actualizamos nuestros procesos y materiales para garantizar productos m\u00e1s resistentes, funcionales y duraderos.<\/p>\n<p>&nbsp;<\/p>\n<\/div>\n<div class=\"info\" style=\"text-align: center;\">\n<h3 class=\"title20 noto-font font-bold\">Cobertura Nacional<\/h3>\n<p class=\"desc\">Distribuimos en todo el territorio colombiano con log\u00edstica eficiente y tiempos de entrega confiables.<\/p>\n<p>&nbsp;<\/p>\n<\/div>\n<div class=\"info\">\n<h3 class=\"title20 noto-font font-bold\" style=\"text-align: center;\">Experiencia que Genera Confianza<\/h3>\n<p class=\"desc\" style=\"text-align: center;\">Nuestra trayectoria nos convierte en un aliado estrat\u00e9gico para distribuidores y empresas.<\/p>\n<p style=\"text-align: center;\"><\/div>\n<p>&nbsp;<\/p>\n<\/div>\n\t\t\t\t\t\t<\/div>\r\n\t\t\t\t\t\t\t            \r\n<\/div>\r\n\r\n<div class=\"content-editor asl-title  \">\r\n\t\t\t\t\t    \t\t\t\t        <div class=\"content-info \">\r\n\t\t\t\t\t\t\t<h2 class=\"title200 noto-font font-bold\">choose us<\/h2>\n\t\t\t\t\t\t<\/div>\r\n\t\t\t\t\t\t\t            \r\n<\/div>\r\n\r\n[\/vc_column][\/vc_row][vc_row el_class=\u00bbmb100&#8243; _id=\u00bb403812&#8243;][vc_column _id=\u00bb493596&#8243;][vc_empty_space _id=\u00bb1367423&#8243;][\/vc_column][\/vc_row][vc_row full_width=\u00bbstretch_row\u00bb el_class=\u00bbfeed-back overlay-bg parallax-bg mb100&#8243; _id=\u00bb3327899&#8243;][vc_column _id=\u00bb4227913&#8243;]<div class=\"content-editor title-leaf  \">\r\n\t\t\t\t\t    \t\t\t\t        <div class=\"content-info text-center\">\r\n\t\t\t\t\t\t\t<div class=\"title\">\n<h3 class=\"title36 noto-font font-bold\">Testimonio de Nuestros Clientes<\/h3>\n<\/div>\n\t\t\t\t\t\t<\/div>\r\n\t\t\t\t\t\t\t            \r\n<\/div>\r\n\r\n<div class=\"banner-slider feed-back-slider \">\r\n    <div class=\"wrap-item sv-slider owl-carousel owl-theme navi-nav-style \" \r\n        data-item=\"1\" \r\n        data-speed=\"5000\" \r\n        data-itemres=\"\"\r\n        data-navigation=\"navi-nav-style\" \r\n        data-pagination=\"\" \r\n        data-prev=\"\" \r\n        data-next=\"\"\r\n        data-margin=\"\" \r\n        data-stage_padding=\"\"\r\n        data-start_position=\"\" \r\n        data-loop=\"\"\r\n        data-animation_out=\"\"\r\n        data-animation_in=\"\"\r\n        data-mousewheel=\"\"\r\n        data-center=\"\"\r\n        data-autowidth=\"\"\r\n        data-mousedrag=\"true\"\r\n        >\r\n\t\t<div class=\"item-testimo text-center \">\r\n\r\n\t\t\t\t\t\t        <div class=\"content-info\"><p class=\"desc\">Gracias a Faicol la fabricaci\u00f3n de los tapetes para mi carro, Super recomendados&#8230;<\/p>\n<\/div>\r\n\t\t\t\t\t\t<div class=\"testimo-info\">\r\n\t\t\t\t\t\t\t\t\t<div class=\"thumb\">\r\n\t\t\t\t\t\t<img loading=\"lazy\" decoding=\"async\" width=\"90\" height=\"90\" src=\"https:\/\/faicol.com\/page\/wp-content\/uploads\/2019\/01\/\/tes01-90x90.jpg\" class=\"round\" alt=\"\" \/>\t\t\t\t\t<\/div>\r\n\t\t\t\t\t\t\t\t<h3 class=\"title20 noto-font font-italic\">Carolina Bustos - Cartagena<\/h3>\t\t\t\t\t\t\t\t<div class=\"wrap-rating\">\r\n\t\t            <div class=\"product-rate\">\r\n\t\t                <div class=\"product-rating\" style=\"width:100%;\"><\/div>\r\n\t\t            <\/div>\r\n\t\t\t\t<\/div>\r\n\t\t\t<\/div>\r\n\t\t\t\r\n<\/div><div class=\"item-testimo text-center \">\r\n\r\n\t\t\t\t\t\t        <div class=\"content-info\"><p class=\"desc\">La experiencia y calidad se nota, productos super recomendados.<\/p>\n<\/div>\r\n\t\t\t\t\t\t<div class=\"testimo-info\">\r\n\t\t\t\t\t\t\t\t\t<div class=\"thumb\">\r\n\t\t\t\t\t\t<img loading=\"lazy\" decoding=\"async\" width=\"90\" height=\"90\" src=\"https:\/\/faicol.com\/page\/wp-content\/uploads\/2019\/01\/\/client-90x90.jpg\" class=\"round\" alt=\"\" \/>\t\t\t\t\t<\/div>\r\n\t\t\t\t\t\t\t\t<h3 class=\"title20 noto-font font-italic\">Helena Donato - Villavicencio<\/h3>\t\t\t\t\t\t\t\t<div class=\"wrap-rating\">\r\n\t\t            <div class=\"product-rate\">\r\n\t\t                <div class=\"product-rating\" style=\"width:100%;\"><\/div>\r\n\t\t            <\/div>\r\n\t\t\t\t<\/div>\r\n\t\t\t<\/div>\r\n\t\t\t\r\n<\/div><div class=\"item-testimo text-center \">\r\n\r\n\t\t\t\t\t\t        <div class=\"content-info\"><p class=\"desc\">Las recargas\u00a0 de los extintores industriales de mi empresa lo hicieron r\u00e1pido y cumpliendo la norma, gracias Faicol&#8230;<\/p>\n<\/div>\r\n\t\t\t\t\t\t<div class=\"testimo-info\">\r\n\t\t\t\t\t\t\t\t\t<div class=\"thumb\">\r\n\t\t\t\t\t\t<img loading=\"lazy\" decoding=\"async\" width=\"90\" height=\"90\" src=\"https:\/\/faicol.com\/page\/wp-content\/uploads\/2019\/01\/\/tes02-90x90.jpg\" class=\"round\" alt=\"\" \/>\t\t\t\t\t<\/div>\r\n\t\t\t\t\t\t\t\t<h3 class=\"title20 noto-font font-italic\">Pedro Sanchez - Bogot\u00e1<\/h3>\t\t\t\t\t\t\t\t<div class=\"wrap-rating\">\r\n\t\t            <div class=\"product-rate\">\r\n\t\t                <div class=\"product-rating\" style=\"width:100%;\"><\/div>\r\n\t\t            <\/div>\r\n\t\t\t\t<\/div>\r\n\t\t\t<\/div>\r\n\t\t\t\r\n<\/div><div class=\"item-testimo text-center \">\r\n\r\n\t\t\t\t\t\t        <div class=\"content-info\"><p class=\"desc\">Nuestra compa no presento retraso y llego a tiempo a mi direcci\u00f3n.<\/p>\n<\/div>\r\n\t\t\t\t\t\t<div class=\"testimo-info\">\r\n\t\t\t\t\t\t\t\t\t<div class=\"thumb\">\r\n\t\t\t\t\t\t<img loading=\"lazy\" decoding=\"async\" width=\"90\" height=\"90\" src=\"https:\/\/faicol.com\/page\/wp-content\/uploads\/2019\/01\/\/client2-90x90.jpg\" class=\"round\" alt=\"\" \/>\t\t\t\t\t<\/div>\r\n\t\t\t\t\t\t\t\t<h3 class=\"title20 noto-font font-italic\">Lorena Cajamarca - Cali<\/h3>\t\t\t\t\t\t\t\t<div class=\"wrap-rating\">\r\n\t\t            <div class=\"product-rate\">\r\n\t\t                <div class=\"product-rating\" style=\"width:100%;\"><\/div>\r\n\t\t            <\/div>\r\n\t\t\t\t<\/div>\r\n\t\t\t<\/div>\r\n\t\t\t\r\n<\/div>    <\/div>\r\n    <\/div>[\/vc_column][\/vc_row]<\/p>\n","protected":false},"excerpt":{"rendered":"<p>[vc_row][vc_column][vc_column_text] [\/vc_column_text][\/vc_column][\/vc_row][vc_row _id=\u00bb4109366&#8243;][vc_column _id=\u00bb2563570&#8243;][vc_column_text _id=\u00bb3825164&#8243;] [\/vc_column_text][\/vc_column][\/vc_row][vc_row full_width=\u00bbstretch_row_content_no_spaces\u00bb css_animation=\u00bbnone\u00bb el_class=\u00bbbg-grey\u00bb _id=\u00bb4023613&#8243;][vc_column _id=\u00bb4294004&#8243;][\/vc_column][\/vc_row][vc_row full_width=\u00bbstretch_row\u00bb el_class=\u00bbbg-grey overflow-visible\u00bb _id=\u00bb2472093&#8243;][vc_column _id=\u00bb1032672&#8243;][vc_empty_space _id=\u00bb1842784&#8243;][vc_empty_space _id=\u00bb3613510&#8243;][\/vc_column][\/vc_row][vc_row full_width=\u00bbstretch_row_content_no_spaces\u00bb _id=\u00bb3432780&#8243;][vc_column offset=\u00bbvc_col-md-6 vc_col-xs-12&#8243; _id=\u00bb4323533&#8243;][\/vc_column][vc_column el_class=\u00bbwhy-choose-wrap\u00bb offset=\u00bbvc_col-md-6 vc_col-xs-12&#8243; _id=\u00bb656411&#8243;][\/vc_column][\/vc_row][vc_row el_class=\u00bbmb100&#8243; _id=\u00bb403812&#8243;][vc_column _id=\u00bb493596&#8243;][vc_empty_space _id=\u00bb1367423&#8243;][\/vc_column][\/vc_row][vc_row full_width=\u00bbstretch_row\u00bb el_class=\u00bbfeed-back overlay-bg parallax-bg mb100&#8243; _id=\u00bb3327899&#8243;][vc_column _id=\u00bb4227913&#8243;][\/vc_column][\/vc_row]<\/p>\n","protected":false},"author":1,"featured_media":0,"parent":0,"menu_order":0,"comment_status":"closed","ping_status":"closed","template":"visual-template.php","meta":{"footnotes":""},"class_list":["post-590","page","type-page","status-publish","hentry"],"_links":{"self":[{"href":"https:\/\/faicol.com\/page\/wp-json\/wp\/v2\/pages\/590","targetHints":{"allow":["GET"]}}],"collection":[{"href":"https:\/\/faicol.com\/page\/wp-json\/wp\/v2\/pages"}],"about":[{"href":"https:\/\/faicol.com\/page\/wp-json\/wp\/v2\/types\/page"}],"author":[{"embeddable":true,"href":"https:\/\/faicol.com\/page\/wp-json\/wp\/v2\/users\/1"}],"replies":[{"embeddable":true,"href":"https:\/\/faicol.com\/page\/wp-json\/wp\/v2\/comments?post=590"}],"version-history":[{"count":73,"href":"https:\/\/faicol.com\/page\/wp-json\/wp\/v2\/pages\/590\/revisions"}],"predecessor-version":[{"id":2483,"href":"https:\/\/faicol.com\/page\/wp-json\/wp\/v2\/pages\/590\/revisions\/2483"}],"wp:attachment":[{"href":"https:\/\/faicol.com\/page\/wp-json\/wp\/v2\/media?parent=590"}],"curies":[{"name":"wp","href":"https:\/\/api.w.org\/{rel}","templated":true}]}}