{"id":34,"date":"2017-11-24T02:28:12","date_gmt":"2017-11-24T02:28:12","guid":{"rendered":"http:\/\/localhost\/framework\/?page_id=34"},"modified":"2025-12-17T02:53:22","modified_gmt":"2025-12-17T02:53:22","slug":"nosotros","status":"publish","type":"page","link":"https:\/\/faicol.com\/page\/nosotros\/","title":{"rendered":"Nosotros"},"content":{"rendered":"<p>[vc_row][vc_column][vc_column_text]<\/p>\n<div class=\"kc_clfw\"><\/div>\n<p>[\/vc_column_text][\/vc_column][\/vc_row][vc_row full_width=\u00bbstretch_row_content_no_spaces\u00bb _id=\u00bb2508780&#8243;][vc_column _id=\u00bb190345&#8243;]<div class=\"wrap-bread-crumb brc_banner s7upf_1775512001   breadcrumb-element\" >\r\n\t<div class=\"bg-overlay\" style=\"background-color:rgba(38,61,239,0.21)\" ><\/div>\r\n\t<div class=\"bread-crumb\">\r\n\t\t<div class=\"container\">\r\n\t\t\t<div class=\"bread-crunb-inner\">\r\n\t\t\t\t\t\t\t\t\t<h2 class=\"title60 noto-font font-bold\">\r\n\t\t\t\t\t\t\t\t\t\t\t<\/h2>\r\n\t\t\t\t\r\n\t\t\t\t<a href=\"https:\/\/faicol.com\/page\/\">Inicio<\/a>\t\t\t<\/div>\r\n\t\t<\/div>\r\n\t<\/div>\r\n<\/div>\r\n[\/vc_column][\/vc_row][vc_row el_class=\u00bbabout-box about-box-top mt100&#8243; _id=\u00bb3681716&#8243;][vc_column css_animation=\u00bbnone\u00bb width=\u00bb1\/2&#8243; el_class=\u00bbres767-mb30&#8243; _id=\u00bb1254200&#8243;][vc_tta_accordion c_position=\u00bbright\u00bb active_section=\u00bb1&#8243; css_animation=\u00bbnone\u00bb el_class=\u00bbcus_accordion\u00bb title=\u00bbNuestra Empresa\u00bb _id=\u00bb3953550&#8243;][vc_tta_section title=\u00bbHistoria\u00bb tab_id=\u00bb1546918053671-a6c36b4a-6c68&#8243; _id=\u00bb311906&#8243;]<div class=\"content-editor content-acd  \">\r\n\t\t\t\t\t    \t\t\t\t        <div class=\"content-info \">\r\n\t\t\t\t\t\t\t<div class=\"img\"><img loading=\"lazy\" decoding=\"async\" class=\"alignnone wp-image-2347 size-thumbnail\" src=\"https:\/\/faicol.com\/page\/wp-content\/uploads\/2025\/12\/LOGO_FAICOL-150x100.png\" alt=\"\" width=\"150\" height=\"100\" \/><\/div>\n<p class=\"desc silver\">Desde nuestros inicios en 1998, nacimos bajo la raz\u00f3n social FADICOL, con la visi\u00f3n de aportar calidad y seguridad al sector automotriz. En el a\u00f1o 2002, evolucionamos a FAICOL, consolid\u00e1ndonos como una empresa especializada en la fabricaci\u00f3n, elaboraci\u00f3n, comercializaci\u00f3n y distribuci\u00f3n a nivel nacional de kits de carretera y tapetes para veh\u00edculos.<br \/>\nM\u00e1s de dos d\u00e9cadas despu\u00e9s, nuestra trayectoria sigue marcada por la innovaci\u00f3n, el compromiso y la confianza de miles de clientes en todo el pa\u00eds.<\/p>\n<p>&nbsp;<\/p>\n<ul>\n<li><strong>Conozca nuestros productos.<\/strong><\/li>\n<\/ul>\n\t\t\t\t\t\t<\/div>\r\n\t\t\t\t\t\t\t            \r\n<\/div>\r\n\r\n[\/vc_tta_section][vc_tta_section title=\u00bbNosotros\u00bb tab_id=\u00bb1546918053688-c5cfc0d5-7702&#8243; _id=\u00bb4004025&#8243;]<div class=\"content-editor content-acd  \">\r\n\t\t\t\t\t    \t\t\t\t        <div class=\"content-info \">\r\n\t\t\t\t\t\t\t<div class=\"img\"><img loading=\"lazy\" decoding=\"async\" class=\"alignnone wp-image-2347 size-thumbnail\" src=\"https:\/\/faicol.com\/page\/wp-content\/uploads\/2025\/12\/LOGO_FAICOL-150x100.png\" alt=\"\" width=\"150\" height=\"100\" \/><\/div>\n<p class=\"desc silver\">En FAICOL somos una empresa colombiana con m\u00e1s de 25 a\u00f1os de experiencia al servicio del sector automotriz. Nos especializamos en la fabricaci\u00f3n de kits de carretera, tapetes y accesorios para veh\u00edculos, desarrollados bajo estrictos est\u00e1ndares de calidad.<\/p>\n<p class=\"desc silver\">Nuestra trayectoria nos ha permitido construir relaciones s\u00f3lidas con distribuidores, empresas y clientes finales a nivel nacional, quienes reconocen en nosotros un aliado confiable, innovador y comprometido con la mejora continua.<\/p>\n<p class=\"desc silver\">Conjugamos experiencia, tecnolog\u00eda y talento humano para entregar productos que aportan seguridad, estilo y funcionalidad a cada veh\u00edculo.<\/p>\n\t\t\t\t\t\t<\/div>\r\n\t\t\t\t\t\t\t            \r\n<\/div>\r\n\r\n[\/vc_tta_section][vc_tta_section title=\u00bbMisi\u00f3n\u00bb tab_id=\u00bb1765048953517-c495d999-cff4&#8243; _id=\u00bb4228338&#8243;]<div class=\"content-editor content-acd  \">\r\n\t\t\t\t\t    \t\t\t\t        <div class=\"content-info \">\r\n\t\t\t\t\t\t\t<div class=\"img\"><img loading=\"lazy\" decoding=\"async\" class=\"alignnone wp-image-2347 size-thumbnail\" src=\"https:\/\/faicol.com\/page\/wp-content\/uploads\/2025\/12\/LOGO_FAICOL-150x100.png\" alt=\"\" width=\"150\" height=\"100\" \/><\/div>\n<p class=\"desc silver\">En FAICOL trabajamos para ofrecer productos que se distinguen por su calidad superior, respaldados por procesos de mejora continua y materiales de alto desempe\u00f1o. Nuestro compromiso es brindar soluciones confiables que superen las expectativas de nuestros clientes y fortalezcan la seguridad en cada trayecto.<\/p>\n\t\t\t\t\t\t<\/div>\r\n\t\t\t\t\t\t\t            \r\n<\/div>\r\n\r\n[\/vc_tta_section][vc_tta_section title=\u00bbVisi\u00f3n\u00bb tab_id=\u00bb1546918403304-f5d51cc4-efac\u00bb _id=\u00bb4253163&#8243;]<div class=\"content-editor content-acd  \">\r\n\t\t\t\t\t    \t\t\t\t        <div class=\"content-info \">\r\n\t\t\t\t\t\t\t<div class=\"img\"><img loading=\"lazy\" decoding=\"async\" class=\"alignnone wp-image-2347 size-thumbnail\" src=\"https:\/\/faicol.com\/page\/wp-content\/uploads\/2025\/12\/LOGO_FAICOL-150x100.png\" alt=\"\" width=\"150\" height=\"100\" \/><\/div>\n<p class=\"desc silver\">Ser reconocidos como la empresa l\u00edder en fabricaci\u00f3n y calidad dentro de nuestro sector, expandiendo nuestra presencia tanto a nivel nacional como internacional. Aspiramos a seguir creciendo con excelencia, innovaci\u00f3n y un firme compromiso con el mercado automotriz.<\/p>\n\t\t\t\t\t\t<\/div>\r\n\t\t\t\t\t\t\t            \r\n<\/div>\r\n\r\n[\/vc_tta_section][\/vc_tta_accordion][\/vc_column][vc_column css_animation=\u00bbnone\u00bb width=\u00bb1\/2&#8243; _id=\u00bb415657&#8243;][vc_progress_bar values=\u00bb%5B%7B%22label%22%3A%22Calidad%22%2C%22value%22%3A%2299%22%7D%2C%7B%22label%22%3A%22Innovaci%C3%B3n%22%2C%22value%22%3A%2295%22%7D%2C%7B%22label%22%3A%22Responsabilidad%22%2C%22value%22%3A%2297%22%7D%2C%7B%22label%22%3A%22Compromiso%20con%20el%20Cliente%22%2C%22value%22%3A%2299%22%7D%2C%7B%22label%22%3A%22Trabajo%20en%20Equipo%22%2C%22value%22%3A%2292%22%7D%2C%7B%22label%22%3A%22Seguridad%22%2C%22value%22%3A%2296%22%7D%2C%7B%22label%22%3A%22Integridad%22%2C%22value%22%3A%2294%22%7D%5D\u00bb options=\u00bbanimated\u00bb css_animation=\u00bbnone\u00bb title=\u00bbValores Corporativo\u00bb units=\u00bb%\u00bb el_class=\u00bbcus_progress_bar\u00bb _id=\u00bb496155&#8243;][\/vc_column][\/vc_row][vc_row][vc_column][vc_empty_space][\/vc_column][\/vc_row]<\/p>\n","protected":false},"excerpt":{"rendered":"<p>[vc_row][vc_column][vc_column_text] [\/vc_column_text][\/vc_column][\/vc_row][vc_row full_width=\u00bbstretch_row_content_no_spaces\u00bb _id=\u00bb2508780&#8243;][vc_column _id=\u00bb190345&#8243;][\/vc_column][\/vc_row][vc_row el_class=\u00bbabout-box about-box-top mt100&#8243; _id=\u00bb3681716&#8243;][vc_column css_animation=\u00bbnone\u00bb width=\u00bb1\/2&#8243; el_class=\u00bbres767-mb30&#8243; _id=\u00bb1254200&#8243;][vc_tta_accordion c_position=\u00bbright\u00bb active_section=\u00bb1&#8243; css_animation=\u00bbnone\u00bb el_class=\u00bbcus_accordion\u00bb title=\u00bbNuestra Empresa\u00bb _id=\u00bb3953550&#8243;][vc_tta_section title=\u00bbHistoria\u00bb tab_id=\u00bb1546918053671-a6c36b4a-6c68&#8243; _id=\u00bb311906&#8243;][\/vc_tta_section][vc_tta_section title=\u00bbNosotros\u00bb tab_id=\u00bb1546918053688-c5cfc0d5-7702&#8243; _id=\u00bb4004025&#8243;][\/vc_tta_section][vc_tta_section title=\u00bbMisi\u00f3n\u00bb tab_id=\u00bb1765048953517-c495d999-cff4&#8243; _id=\u00bb4228338&#8243;][\/vc_tta_section][vc_tta_section title=\u00bbVisi\u00f3n\u00bb tab_id=\u00bb1546918403304-f5d51cc4-efac\u00bb _id=\u00bb4253163&#8243;][\/vc_tta_section][\/vc_tta_accordion][\/vc_column][vc_column css_animation=\u00bbnone\u00bb width=\u00bb1\/2&#8243; _id=\u00bb415657&#8243;][vc_progress_bar values=\u00bb%5B%7B%22label%22%3A%22Calidad%22%2C%22value%22%3A%2299%22%7D%2C%7B%22label%22%3A%22Innovaci%C3%B3n%22%2C%22value%22%3A%2295%22%7D%2C%7B%22label%22%3A%22Responsabilidad%22%2C%22value%22%3A%2297%22%7D%2C%7B%22label%22%3A%22Compromiso%20con%20el%20Cliente%22%2C%22value%22%3A%2299%22%7D%2C%7B%22label%22%3A%22Trabajo%20en%20Equipo%22%2C%22value%22%3A%2292%22%7D%2C%7B%22label%22%3A%22Seguridad%22%2C%22value%22%3A%2296%22%7D%2C%7B%22label%22%3A%22Integridad%22%2C%22value%22%3A%2294%22%7D%5D\u00bb options=\u00bbanimated\u00bb css_animation=\u00bbnone\u00bb title=\u00bbValores Corporativo\u00bb units=\u00bb%\u00bb el_class=\u00bbcus_progress_bar\u00bb _id=\u00bb496155&#8243;][\/vc_column][\/vc_row][vc_row][vc_column][vc_empty_space][\/vc_column][\/vc_row]<\/p>\n","protected":false},"author":1,"featured_media":0,"parent":0,"menu_order":0,"comment_status":"closed","ping_status":"closed","template":"visual-template.php","meta":{"footnotes":""},"class_list":["post-34","page","type-page","status-publish","hentry"],"_links":{"self":[{"href":"https:\/\/faicol.com\/page\/wp-json\/wp\/v2\/pages\/34","targetHints":{"allow":["GET"]}}],"collection":[{"href":"https:\/\/faicol.com\/page\/wp-json\/wp\/v2\/pages"}],"about":[{"href":"https:\/\/faicol.com\/page\/wp-json\/wp\/v2\/types\/page"}],"author":[{"embeddable":true,"href":"https:\/\/faicol.com\/page\/wp-json\/wp\/v2\/users\/1"}],"replies":[{"embeddable":true,"href":"https:\/\/faicol.com\/page\/wp-json\/wp\/v2\/comments?post=34"}],"version-history":[{"count":34,"href":"https:\/\/faicol.com\/page\/wp-json\/wp\/v2\/pages\/34\/revisions"}],"predecessor-version":[{"id":2409,"href":"https:\/\/faicol.com\/page\/wp-json\/wp\/v2\/pages\/34\/revisions\/2409"}],"wp:attachment":[{"href":"https:\/\/faicol.com\/page\/wp-json\/wp\/v2\/media?parent=34"}],"curies":[{"name":"wp","href":"https:\/\/api.w.org\/{rel}","templated":true}]}}