{"id":1974,"date":"2021-06-30T08:18:40","date_gmt":"2021-06-30T08:18:40","guid":{"rendered":"http:\/\/127.0.0.1\/S7upf\/garten\/?page_id=3"},"modified":"2025-12-11T01:44:06","modified_gmt":"2025-12-11T01:44:06","slug":"politica-de-privacidad","status":"publish","type":"page","link":"https:\/\/faicol.com\/page\/politica-de-privacidad\/","title":{"rendered":"Pol\u00edtica de Privacidad"},"content":{"rendered":"<p>[vc_row][vc_column][vc_column_text]<\/p>\r\n<h2 class=\"wp-block-heading\">Pol\u00edticas de Tratamiento de Datos Personales<\/h2>\r\n\r\n<p>Apreciado Cliente La Empresa; FAICOL S A S, legal mente constituida, cuenta con sus datos actuales en la base de datos privada. Informaci\u00f3n que es de uso exclusivo para la relaci\u00f3n comercial vinculante; a trav\u00e9s de ella se involucran acciones de mercadeo, publicidad, estudios, encuestas y entre otros propios de la actividad mercantil; para la empresa hace manejo de bases de datos y de informaci\u00f3n seg\u00fan lo rige la norma, podr\u00e1 utilizar los medios tecnol\u00f3gicos existentes y actuales para \u00e9l envi\u00f3 de la informaci\u00f3n ya referida, la misma que tendr\u00e1 el car\u00e1cter de confidencial, por lo que no revelar\u00e1 y \/ o compartir\u00e1 a otras empresas. Lo anterior acorde a la ley colombiana de manejo y uso de informaci\u00f3n, tratamiento de datos y de privacidad.<\/p>\r\n\r\n<p>Ley 1581 de 2012 y el Decreto 1377 de 2013, que regulan el R\u00e9gimen General de Protecci\u00f3n de Datos Personales. Asimismo, la norma le permite ejercer sus derechos a conocer, actualizar, rectificar y solicitar la supresi\u00f3n de sus datos personales en cualquier momento, por lo que todos nuestros comunicados (masivos y \/ o individuales) son abiertos a dicho tratamiento, dejando a su disposici\u00f3n como medio de contacto nuestro correo electr\u00f3nico;\u00a0 ventas@faicol.com, con el fin de actualizar la informaci\u00f3n ya contenida en la Base de Datos, solicitamos de su pronta colaboraci\u00f3n en el diligenciamiento de \u00e9ste formato, en el cual podr\u00e1 indicar su decisi\u00f3n en cuanto al manejo de sus datos personales. En el caso de no recibir notificaci\u00f3n alguna dentro de un plazo de QUINCE (15) d\u00edas calendario nuestra empresa; FAICOL S A S, tomara como base de datos de su propiedad para envi\u00f3 de informaci\u00f3n, promociones u otros sus datos o los de su empresa., entender\u00e1 que est\u00e1 autorizando de manera inequ\u00edvoca, para continuar con el tratamiento de sus datos.<\/p>\r\n\r\n<p>La Empresa; FAICOL S A S, tiene el derecho de almacena, y recolecta datos personales para crear bases. Para dicho uso se requiere obtener su autorizaci\u00f3n para que de manera libre, previa, expresa, voluntaria, y debidamente informada, permita a todas los departamentos entre ellos: (investigaci\u00f3n, Prevenci\u00f3n, Jur\u00eddico, Comercial), recolectar, recaudar, almacenar, usar, circular, suprimir, procesar, compilar, intercambiar, dar tratamiento, e informaci\u00f3n, actualizar y disponer de los datos que han sido suministrados y que se han incorporado en distintas bases o bancos de datos, o en repositorios electr\u00f3nicos de todo tipo con que cuenta nuestra empresa; FAICOL S A S, Esta informaci\u00f3n es propiedad de nuestra empresa, ser\u00e1 utilizada en el desarrollo de las funciones propias de la organizaci\u00f3n de forma directa o a trav\u00e9s de terceros sea para publicidad o en uso informativo.<\/p>\r\n\r\n<p>La empresa; FAICOL S A S, que cumple con las normas y en los t\u00e9rminos dispuestos por el Art\u00edculo 10 del Decreto 1377 de 2013 queda autorizada de manera expresa e inequ\u00edvoca para mantener y manejar toda su informaci\u00f3n, a no ser que Usted le manifieste lo contrario de manera directa, expresa, inequ\u00edvoca y por escrito dentro de los treinta (30) d\u00edas contados a partir de la recepci\u00f3n de la presente comunicaci\u00f3n a la cuenta de correo electr\u00f3nico dispuesta para tal efecto: ventas@faicol.com<\/p>\r\n\r\n<p>Consiento y autorizo de manera expresa e inequ\u00edvoca que mis datos personales sean tratados conforme a lo previsto en el presente documento. En el evento en que usted considere que La Empresa; FAICOL S A S. Dio un uso contrario al autorizado y a las leyes aplicables, podr\u00e1 contactarnos a trav\u00e9s de una comunicaci\u00f3n Al correo electr\u00f3nico; ventas@faicol.com<\/p>\r\n\r\n\r\n\r\n\r\n\r\n<p>&nbsp;<\/p>\r\n<p>[\/vc_column_text][\/vc_column][\/vc_row]<\/p>","protected":false},"excerpt":{"rendered":"<p>[vc_row][vc_column][vc_column_text] Pol\u00edticas de Tratamiento de Datos Personales Apreciado Cliente La Empresa; FAICOL S A S, legal mente constituida, cuenta con sus datos actuales en la base de datos privada. Informaci\u00f3n que es de uso exclusivo para la relaci\u00f3n comercial vinculante; a trav\u00e9s de ella se involucran acciones de mercadeo, publicidad, estudios, encuestas y entre otros [&hellip;]<\/p>\n","protected":false},"author":1,"featured_media":0,"parent":0,"menu_order":0,"comment_status":"closed","ping_status":"open","template":"","meta":{"footnotes":""},"class_list":["post-1974","page","type-page","status-publish","hentry"],"_links":{"self":[{"href":"https:\/\/faicol.com\/page\/wp-json\/wp\/v2\/pages\/1974","targetHints":{"allow":["GET"]}}],"collection":[{"href":"https:\/\/faicol.com\/page\/wp-json\/wp\/v2\/pages"}],"about":[{"href":"https:\/\/faicol.com\/page\/wp-json\/wp\/v2\/types\/page"}],"author":[{"embeddable":true,"href":"https:\/\/faicol.com\/page\/wp-json\/wp\/v2\/users\/1"}],"replies":[{"embeddable":true,"href":"https:\/\/faicol.com\/page\/wp-json\/wp\/v2\/comments?post=1974"}],"version-history":[{"count":11,"href":"https:\/\/faicol.com\/page\/wp-json\/wp\/v2\/pages\/1974\/revisions"}],"predecessor-version":[{"id":2384,"href":"https:\/\/faicol.com\/page\/wp-json\/wp\/v2\/pages\/1974\/revisions\/2384"}],"wp:attachment":[{"href":"https:\/\/faicol.com\/page\/wp-json\/wp\/v2\/media?parent=1974"}],"curies":[{"name":"wp","href":"https:\/\/api.w.org\/{rel}","templated":true}]}}